{"id":47,"date":"2020-01-21T09:25:12","date_gmt":"2020-01-21T09:25:12","guid":{"rendered":"http:\/\/antares.sip.ucm.es\/mercedes2\/?page_id=47"},"modified":"2025-03-31T02:10:02","modified_gmt":"2025-03-31T02:10:02","slug":"ph-d-students","status":"publish","type":"page","link":"https:\/\/antares.sip.ucm.es\/mercedes\/?page_id=47","title":{"rendered":"Ph.D. Students"},"content":{"rendered":"\n<p class=\"has-medium-font-size\"><strong>Ph.D. Students<\/strong><\/p>\n\n\n\n<p><em> <br>Rodolfo Xavier Bojorque Chasi <\/em><\/p>\n\n\n\n<p><em>Manuel Israel&nbsp;del&nbsp;Pino<\/em><br><\/p>\n\n\n\n<p class=\"has-medium-font-size\"><strong>Former Ph.D. Students<\/strong><\/p>\n\n\n\n<p class=\"has-background has-very-light-gray-background-color\"><em>C\u00e9sar Andr\u00e9s S\u00e1nchez<\/em><br>Testing activo y pasivo de sistemas con informaci\u00f3n temporal y probabil\u00edstica.<\/p>\n\n\n\n<p style=\"background-color:#ffffff\" class=\"has-background\"><em>Van Du Nguyen <\/em><br>Analysis of the impact of cardinality and diversity on collective performance.<\/p>\n\n\n\n<p class=\"has-background has-very-light-gray-background-color\"> <a href=\"http:\/\/www.gomezabajo.es\/\"><em>Pablo G\u00f3mez-Abajo<\/em><\/a>  <br>A domain-specific language for model mutation <\/p>\n\n\n\n<p style=\"background-color:#ffffff\" class=\"has-background\"><em>Manuel&nbsp;M\u00e9ndez&nbsp;Hurtado<\/em><br>Aplicaciones de Deep Learning y Metamorphic Testing al \u00e1mbito de las ciudades y sistemas inteligentes. <\/p>\n\n\n\n<p class=\"has-background has-very-light-gray-background-color\"><em>Miguel&nbsp;Benito&nbsp;Parejo<\/em><br>Using evolutive algorithms to optimise collaborative testing. <\/p>\n","protected":false},"excerpt":{"rendered":"<p>Ph.D. Students Rodolfo Xavier Bojorque Chasi Manuel Israel&nbsp;del&nbsp;Pino Former Ph.D. Students C\u00e9sar Andr\u00e9s S\u00e1nchezTesting activo y pasivo de sistemas con informaci\u00f3n temporal y probabil\u00edstica. Van Du Nguyen Analysis of the impact of cardinality and diversity on collective performance. Pablo G\u00f3mez-Abajo A domain-specific language for model mutation Manuel&nbsp;M\u00e9ndez&nbsp;HurtadoAplicaciones de Deep Learning y Metamorphic Testing al \u00e1mbito &hellip; <\/p>\n<p class=\"link-more\"><a href=\"https:\/\/antares.sip.ucm.es\/mercedes\/?page_id=47\" class=\"more-link\">Continue reading<span class=\"screen-reader-text\"> &#8220;Ph.D. Students&#8221;<\/span><\/a><\/p>\n","protected":false},"author":2,"featured_media":0,"parent":0,"menu_order":0,"comment_status":"closed","ping_status":"closed","template":"","meta":{"footnotes":""},"class_list":["post-47","page","type-page","status-publish","hentry"],"_links":{"self":[{"href":"https:\/\/antares.sip.ucm.es\/mercedes\/index.php?rest_route=\/wp\/v2\/pages\/47","targetHints":{"allow":["GET"]}}],"collection":[{"href":"https:\/\/antares.sip.ucm.es\/mercedes\/index.php?rest_route=\/wp\/v2\/pages"}],"about":[{"href":"https:\/\/antares.sip.ucm.es\/mercedes\/index.php?rest_route=\/wp\/v2\/types\/page"}],"author":[{"embeddable":true,"href":"https:\/\/antares.sip.ucm.es\/mercedes\/index.php?rest_route=\/wp\/v2\/users\/2"}],"replies":[{"embeddable":true,"href":"https:\/\/antares.sip.ucm.es\/mercedes\/index.php?rest_route=%2Fwp%2Fv2%2Fcomments&post=47"}],"version-history":[{"count":8,"href":"https:\/\/antares.sip.ucm.es\/mercedes\/index.php?rest_route=\/wp\/v2\/pages\/47\/revisions"}],"predecessor-version":[{"id":1366,"href":"https:\/\/antares.sip.ucm.es\/mercedes\/index.php?rest_route=\/wp\/v2\/pages\/47\/revisions\/1366"}],"wp:attachment":[{"href":"https:\/\/antares.sip.ucm.es\/mercedes\/index.php?rest_route=%2Fwp%2Fv2%2Fmedia&parent=47"}],"curies":[{"name":"wp","href":"https:\/\/api.w.org\/{rel}","templated":true}]}}